{"id":29,"date":"2026-05-05T15:23:55","date_gmt":"2026-05-05T13:23:55","guid":{"rendered":"https:\/\/dev.landgarnele.de\/?page_id=29"},"modified":"2026-05-05T15:23:58","modified_gmt":"2026-05-05T13:23:58","slug":"blog","status":"publish","type":"page","link":"https:\/\/dev.landgarnele.de\/?page_id=29","title":{"rendered":"Blog"},"content":{"rendered":"\t\t<div data-elementor-type=\"wp-page\" data-elementor-id=\"29\" class=\"elementor elementor-29\">\n\t\t\t\t<div class=\"elementor-element elementor-element-a7744ef e-flex e-con-boxed e-con e-parent\" data-id=\"a7744ef\" data-element_type=\"container\" data-e-type=\"container\" data-settings=\"{&quot;background_background&quot;:&quot;classic&quot;}\">\n\t\t\t\t\t<div class=\"e-con-inner\">\n\t\t<div class=\"elementor-element elementor-element-0035bd5 e-con-full e-flex e-con e-child\" data-id=\"0035bd5\" data-element_type=\"container\" data-e-type=\"container\">\n\t\t\t\t<div class=\"elementor-element elementor-element-0a3702a elementor-widget elementor-widget-heading\" data-id=\"0a3702a\" data-element_type=\"widget\" data-e-type=\"widget\" data-widget_type=\"heading.default\">\n\t\t\t\t\t<h2 class=\"elementor-heading-title elementor-size-default\">Frische Garnelen aus Norddeutschland<\/h2>\t\t\t\t<\/div>\n\t\t\t\t<div class=\"elementor-element elementor-element-ed61117 elementor-widget elementor-widget-text-editor\" data-id=\"ed61117\" data-element_type=\"widget\" data-e-type=\"widget\" data-widget_type=\"text-editor.default\">\n\t\t\t\t\t\t\t\t\t<p>Willkommen in unserer Welt der Meeresfr\u00fcchte. Hier finden Sie frische, nachhaltig gez\u00fcchtete Garnelen, die direkt aus Norddeutschland zu Ihnen kommen.<\/p>\t\t\t\t\t\t\t\t<\/div>\n\t\t\t\t<\/div>\n\t\t\t\t\t<\/div>\n\t\t\t\t<\/div>\n\t\t<div class=\"elementor-element elementor-element-8cceaa4 e-flex e-con-boxed e-con e-parent\" data-id=\"8cceaa4\" data-element_type=\"container\" data-e-type=\"container\" data-settings=\"{&quot;background_background&quot;:&quot;classic&quot;}\">\n\t\t\t\t\t<div class=\"e-con-inner\">\n\t\t<div class=\"elementor-element elementor-element-76e2a1e e-con-full e-flex e-con e-child\" data-id=\"76e2a1e\" data-element_type=\"container\" data-e-type=\"container\">\n\t\t\t\t<div class=\"elementor-element elementor-element-145049d elementor-widget elementor-widget-image\" data-id=\"145049d\" data-element_type=\"widget\" data-e-type=\"widget\" data-widget_type=\"image.default\">\n\t\t\t\t\t\t\t\t\t\t\t\t\t\t\t<img fetchpriority=\"high\" decoding=\"async\" width=\"1920\" height=\"1080\" src=\"https:\/\/dev.landgarnele.de\/wp-content\/uploads\/2026\/05\/placeholder-demo-image-scaled-1.jpg\" class=\"attachment-full size-full wp-image-48\" alt=\"\" srcset=\"https:\/\/dev.landgarnele.de\/wp-content\/uploads\/2026\/05\/placeholder-demo-image-scaled-1.jpg 1920w, https:\/\/dev.landgarnele.de\/wp-content\/uploads\/2026\/05\/placeholder-demo-image-scaled-1-300x169.jpg 300w, https:\/\/dev.landgarnele.de\/wp-content\/uploads\/2026\/05\/placeholder-demo-image-scaled-1-1024x576.jpg 1024w, https:\/\/dev.landgarnele.de\/wp-content\/uploads\/2026\/05\/placeholder-demo-image-scaled-1-768x432.jpg 768w, https:\/\/dev.landgarnele.de\/wp-content\/uploads\/2026\/05\/placeholder-demo-image-scaled-1-1536x864.jpg 1536w, https:\/\/dev.landgarnele.de\/wp-content\/uploads\/2026\/05\/placeholder-demo-image-scaled-1-600x338.jpg 600w\" sizes=\"(max-width: 1920px) 100vw, 1920px\" \/>\t\t\t\t\t\t\t\t\t\t\t\t\t\t\t<\/div>\n\t\t\t\t<div class=\"elementor-element elementor-element-86837cf elementor-widget elementor-widget-heading\" data-id=\"86837cf\" data-element_type=\"widget\" data-e-type=\"widget\" data-widget_type=\"heading.default\">\n\t\t\t\t\t<h2 class=\"elementor-heading-title elementor-size-default\">Aktuelle Blogbeitr\u00e4ge<\/h2>\t\t\t\t<\/div>\n\t\t\t\t<div class=\"elementor-element elementor-element-f1d9bd3 elementor-widget elementor-widget-text-editor\" data-id=\"f1d9bd3\" data-element_type=\"widget\" data-e-type=\"widget\" data-widget_type=\"text-editor.default\">\n\t\t\t\t\t\t\t\t\t<p>Hier finden Sie die neuesten Artikel \u00fcber unsere frischen Meeresfr\u00fcchte und nachhaltigen Praktiken. Informieren Sie sich, wie wir unsere Garnelen z\u00fcchten und verarbeiten und bleiben Sie \u00fcber unsere aktuellen Angebote auf dem Laufenden. Unser Ziel ist es, Sie stets mit den besten Produkten zu versorgen.<\/p>\t\t\t\t\t\t\t\t<\/div>\n\t\t\t\t<\/div>\n\t\t<div class=\"elementor-element elementor-element-c85416d e-con-full e-flex e-con e-child\" data-id=\"c85416d\" data-element_type=\"container\" data-e-type=\"container\">\n\t\t\t\t<div class=\"elementor-element elementor-element-4aad455 elementor-widget elementor-widget-image\" data-id=\"4aad455\" data-element_type=\"widget\" data-e-type=\"widget\" data-widget_type=\"image.default\">\n\t\t\t\t\t\t\t\t\t\t\t\t\t\t\t<img fetchpriority=\"high\" decoding=\"async\" width=\"1920\" height=\"1080\" src=\"https:\/\/dev.landgarnele.de\/wp-content\/uploads\/2026\/05\/placeholder-demo-image-scaled-1.jpg\" class=\"attachment-full size-full wp-image-48\" alt=\"\" srcset=\"https:\/\/dev.landgarnele.de\/wp-content\/uploads\/2026\/05\/placeholder-demo-image-scaled-1.jpg 1920w, https:\/\/dev.landgarnele.de\/wp-content\/uploads\/2026\/05\/placeholder-demo-image-scaled-1-300x169.jpg 300w, https:\/\/dev.landgarnele.de\/wp-content\/uploads\/2026\/05\/placeholder-demo-image-scaled-1-1024x576.jpg 1024w, https:\/\/dev.landgarnele.de\/wp-content\/uploads\/2026\/05\/placeholder-demo-image-scaled-1-768x432.jpg 768w, https:\/\/dev.landgarnele.de\/wp-content\/uploads\/2026\/05\/placeholder-demo-image-scaled-1-1536x864.jpg 1536w, https:\/\/dev.landgarnele.de\/wp-content\/uploads\/2026\/05\/placeholder-demo-image-scaled-1-600x338.jpg 600w\" sizes=\"(max-width: 1920px) 100vw, 1920px\" \/>\t\t\t\t\t\t\t\t\t\t\t\t\t\t\t<\/div>\n\t\t\t\t<div class=\"elementor-element elementor-element-9e9b6e3 elementor-widget elementor-widget-heading\" data-id=\"9e9b6e3\" data-element_type=\"widget\" data-e-type=\"widget\" data-widget_type=\"heading.default\">\n\t\t\t\t\t<h2 class=\"elementor-heading-title elementor-size-default\">Beliebte Beitr\u00e4ge<\/h2>\t\t\t\t<\/div>\n\t\t\t\t<div class=\"elementor-element elementor-element-7593af4 elementor-widget elementor-widget-text-editor\" data-id=\"7593af4\" data-element_type=\"widget\" data-e-type=\"widget\" data-widget_type=\"text-editor.default\">\n\t\t\t\t\t\t\t\t\t<p>Entdecken Sie unsere Top-Artikel zu Meeresfr\u00fcchten, Rezepten und Tipps f\u00fcr den Kauf frischer Garnelen. Wir bieten Ihnen wertvolle Informationen, die Ihnen helfen, die richtigen Entscheidungen zu treffen und genie\u00dfen Sie die Vielfalt der Nordsee.<\/p>\t\t\t\t\t\t\t\t<\/div>\n\t\t\t\t<\/div>\n\t\t\t\t\t<\/div>\n\t\t\t\t<\/div>\n\t\t<div class=\"elementor-element elementor-element-edc91cc e-flex e-con-boxed e-con e-parent\" data-id=\"edc91cc\" data-element_type=\"container\" data-e-type=\"container\">\n\t\t\t\t\t<div class=\"e-con-inner\">\n\t\t\t\t<div class=\"elementor-element elementor-element-65c3785 elementor-widget elementor-widget-heading\" data-id=\"65c3785\" data-element_type=\"widget\" data-e-type=\"widget\" data-widget_type=\"heading.default\">\n\t\t\t\t\t<h5 class=\"elementor-heading-title elementor-size-default\">Frische aus Norddeutschland<\/h5>\t\t\t\t<\/div>\n\t\t\t\t<div class=\"elementor-element elementor-element-c98cf63 elementor-widget elementor-widget-heading\" data-id=\"c98cf63\" data-element_type=\"widget\" data-e-type=\"widget\" data-widget_type=\"heading.default\">\n\t\t\t\t\t<h2 class=\"elementor-heading-title elementor-size-default\">Entdecken Sie unsere neuesten Beitr\u00e4ge<\/h2>\t\t\t\t<\/div>\n\t\t\t\t<div class=\"elementor-element elementor-element-1026fd3 elementor-widget elementor-widget-posts\" data-id=\"1026fd3\" data-element_type=\"widget\" data-e-type=\"widget\" data-widget_type=\"posts.default\">\n\t\t\t\t<div class=\"elementor-widget-container\">\n\t\t\t\t\t \t\t\t\t<\/div>\n\t\t\t\t<\/div>\n\t\t\t\t<div class=\"elementor-element elementor-element-02984ab elementor-widget__width-auto elementor-align-right elementor-widget elementor-widget-button\" data-id=\"02984ab\" data-element_type=\"widget\" data-e-type=\"widget\" data-widget_type=\"button.default\">\n\t\t\t\t\t\t\t\t\t\t<a class=\"elementor-button elementor-button-link elementor-size-sm\" href=\"#\">\n\t\t\t\t\t\t<span class=\"elementor-button-content-wrapper\">\n\t\t\t\t\t\t\t\t\t<span class=\"elementor-button-text\">Alle anzeigen<\/span>\n\t\t\t\t\t<\/span>\n\t\t\t\t\t<\/a>\n\t\t\t\t\t\t\t\t<\/div>\n\t\t\t\t\t<\/div>\n\t\t\t\t<\/div>\n\t\t<div class=\"elementor-element elementor-element-d411871 e-flex e-con-boxed e-con e-parent\" data-id=\"d411871\" data-element_type=\"container\" data-e-type=\"container\" data-settings=\"{&quot;background_background&quot;:&quot;classic&quot;}\">\n\t\t\t\t\t<div class=\"e-con-inner\">\n\t\t<div class=\"elementor-element elementor-element-bfaddc8 e-con-full e-flex e-con e-child\" data-id=\"bfaddc8\" data-element_type=\"container\" data-e-type=\"container\">\n\t\t\t\t<div class=\"elementor-element elementor-element-5e3f146 elementor-widget elementor-widget-heading\" data-id=\"5e3f146\" data-element_type=\"widget\" data-e-type=\"widget\" data-widget_type=\"heading.default\">\n\t\t\t\t\t<h2 class=\"elementor-heading-title elementor-size-default\">Bleiben Sie \u00fcber unsere Neuigkeiten informiert<\/h2>\t\t\t\t<\/div>\n\t\t\t\t<div class=\"elementor-element elementor-element-dc3d327 elementor-widget elementor-widget-text-editor\" data-id=\"dc3d327\" data-element_type=\"widget\" data-e-type=\"widget\" data-widget_type=\"text-editor.default\">\n\t\t\t\t\t\t\t\t\t<p>Tragen Sie sich in unseren Newsletter ein und erhalten Sie Updates zu neuen Produkten und Angeboten direkt in Ihr Postfach. Wir freuen uns, Sie auf dem Laufenden zu halten!<\/p>\t\t\t\t\t\t\t\t<\/div>\n\t\t\t\t<div class=\"elementor-element elementor-element-97b5313 elementor-widget elementor-widget-form\" data-id=\"97b5313\" data-element_type=\"widget\" data-e-type=\"widget\" data-widget_type=\"form.default\">\n\t\t\t\t<div class=\"elementor-widget-container\">\n\t\t\t\t\t \t\t\t\t<\/div>\n\t\t\t\t<\/div>\n\t\t\t\t<div class=\"elementor-element elementor-element-309af5c elementor-widget elementor-widget-text-editor\" data-id=\"309af5c\" data-element_type=\"widget\" data-e-type=\"widget\" data-widget_type=\"text-editor.default\">\n\t\t\t\t\t\t\t\t\t<p>Mit Ihrer Anmeldung stimmen Sie unseren Allgemeinen Gesch\u00e4ftsbedingungen zu.<\/p>\t\t\t\t\t\t\t\t<\/div>\n\t\t\t\t<\/div>\n\t\t<div class=\"elementor-element elementor-element-30cd59d e-con-full e-grid e-con e-child\" data-id=\"30cd59d\" data-element_type=\"container\" data-e-type=\"container\">\n\t\t\t\t<div class=\"elementor-element elementor-element-96e9aa9 elementor-widget elementor-widget-image\" data-id=\"96e9aa9\" data-element_type=\"widget\" data-e-type=\"widget\" data-widget_type=\"image.default\">\n\t\t\t\t\t\t\t\t\t\t\t\t\t\t\t<img decoding=\"async\" width=\"168\" height=\"41\" src=\"https:\/\/dev.landgarnele.de\/wp-content\/uploads\/2026\/05\/logoipsum-265.png\" class=\"attachment-full size-full wp-image-55\" alt=\"\" \/>\t\t\t\t\t\t\t\t\t\t\t\t\t\t\t<\/div>\n\t\t\t\t<div class=\"elementor-element elementor-element-6ed5339 elementor-widget elementor-widget-image\" data-id=\"6ed5339\" data-element_type=\"widget\" data-e-type=\"widget\" data-widget_type=\"image.default\">\n\t\t\t\t\t\t\t\t\t\t\t\t\t\t\t<img decoding=\"async\" width=\"170\" height=\"41\" src=\"https:\/\/dev.landgarnele.de\/wp-content\/uploads\/2026\/05\/logoipsum-264.png\" class=\"attachment-full size-full wp-image-57\" alt=\"\" \/>\t\t\t\t\t\t\t\t\t\t\t\t\t\t\t<\/div>\n\t\t\t\t<div class=\"elementor-element elementor-element-4b8a0f6 elementor-widget elementor-widget-image\" data-id=\"4b8a0f6\" data-element_type=\"widget\" data-e-type=\"widget\" data-widget_type=\"image.default\">\n\t\t\t\t\t\t\t\t\t\t\t\t\t\t\t<img loading=\"lazy\" decoding=\"async\" width=\"170\" height=\"41\" src=\"https:\/\/dev.landgarnele.de\/wp-content\/uploads\/2026\/05\/logoipsum-262.png\" class=\"attachment-full size-full wp-image-58\" alt=\"\" \/>\t\t\t\t\t\t\t\t\t\t\t\t\t\t\t<\/div>\n\t\t\t\t<div class=\"elementor-element elementor-element-4b4844d elementor-widget elementor-widget-image\" data-id=\"4b4844d\" data-element_type=\"widget\" data-e-type=\"widget\" data-widget_type=\"image.default\">\n\t\t\t\t\t\t\t\t\t\t\t\t\t\t\t<img loading=\"lazy\" decoding=\"async\" width=\"169\" height=\"42\" src=\"https:\/\/dev.landgarnele.de\/wp-content\/uploads\/2026\/05\/logoipsum-263.png\" class=\"attachment-full size-full wp-image-60\" alt=\"\" \/>\t\t\t\t\t\t\t\t\t\t\t\t\t\t\t<\/div>\n\t\t\t\t<\/div>\n\t\t\t\t\t<\/div>\n\t\t\t\t<\/div>\n\t\t\t\t<\/div>\n\t\t","protected":false},"excerpt":{"rendered":"<p>Frische Garnelen aus Norddeutschland Willkommen in unserer Welt der Meeresfr\u00fcchte. Hier finden Sie frische, nachhaltig gez\u00fcchtete Garnelen, die direkt aus Norddeutschland zu Ihnen kommen. Aktuelle Blogbeitr\u00e4ge Hier finden Sie die neuesten Artikel \u00fcber unsere frischen Meeresfr\u00fcchte und nachhaltigen Praktiken. Informieren Sie sich, wie wir unsere Garnelen z\u00fcchten und verarbeiten und bleiben Sie \u00fcber unsere aktuellen [&hellip;]<\/p>\n","protected":false},"author":1,"featured_media":0,"parent":0,"menu_order":0,"comment_status":"closed","ping_status":"closed","template":"","meta":{"footnotes":""},"class_list":["post-29","page","type-page","status-publish","hentry"],"_links":{"self":[{"href":"https:\/\/dev.landgarnele.de\/index.php?rest_route=\/wp\/v2\/pages\/29","targetHints":{"allow":["GET"]}}],"collection":[{"href":"https:\/\/dev.landgarnele.de\/index.php?rest_route=\/wp\/v2\/pages"}],"about":[{"href":"https:\/\/dev.landgarnele.de\/index.php?rest_route=\/wp\/v2\/types\/page"}],"author":[{"embeddable":true,"href":"https:\/\/dev.landgarnele.de\/index.php?rest_route=\/wp\/v2\/users\/1"}],"replies":[{"embeddable":true,"href":"https:\/\/dev.landgarnele.de\/index.php?rest_route=%2Fwp%2Fv2%2Fcomments&post=29"}],"version-history":[{"count":1,"href":"https:\/\/dev.landgarnele.de\/index.php?rest_route=\/wp\/v2\/pages\/29\/revisions"}],"predecessor-version":[{"id":62,"href":"https:\/\/dev.landgarnele.de\/index.php?rest_route=\/wp\/v2\/pages\/29\/revisions\/62"}],"wp:attachment":[{"href":"https:\/\/dev.landgarnele.de\/index.php?rest_route=%2Fwp%2Fv2%2Fmedia&parent=29"}],"curies":[{"name":"wp","href":"https:\/\/api.w.org\/{rel}","templated":true}]}}